{"id":8,"date":"2021-02-26T14:05:34","date_gmt":"2021-02-26T14:05:34","guid":{"rendered":"https:\/\/www.miteinander-langenbruck.ch\/?page_id=8"},"modified":"2025-08-28T13:16:13","modified_gmt":"2025-08-28T13:16:13","slug":"home","status":"publish","type":"page","link":"https:\/\/www.miteinander-langenbruck.ch\/","title":{"rendered":"Home"},"content":{"rendered":"\t\t<div data-elementor-type=\"wp-page\" data-elementor-id=\"8\" class=\"elementor elementor-8\">\n\t\t\t\t\t\t<section class=\"elementor-section elementor-top-section elementor-element elementor-element-23e9a449 elementor-section-boxed elementor-section-height-default elementor-section-height-default\" data-id=\"23e9a449\" data-element_type=\"section\" data-e-type=\"section\">\n\t\t\t\t\t\t<div class=\"elementor-container elementor-column-gap-default\">\n\t\t\t\t\t<div class=\"elementor-column elementor-col-100 elementor-top-column elementor-element elementor-element-5942cf7a\" data-id=\"5942cf7a\" data-element_type=\"column\" data-e-type=\"column\">\n\t\t\t<div class=\"elementor-widget-wrap elementor-element-populated\">\n\t\t\t\t\t\t<div class=\"elementor-element elementor-element-6f4c70d4 elementor-widget elementor-widget-text-editor\" data-id=\"6f4c70d4\" data-element_type=\"widget\" data-e-type=\"widget\" data-widget_type=\"text-editor.default\">\n\t\t\t\t<div class=\"elementor-widget-container\">\n\t\t\t\t\t\t\t\t\t<p style=\"text-align: center;\"><a href=\"https:\/\/www.miteinander-langenbruck.ch\/wp-content\/uploads\/2021\/02\/Pic4.jpg\" data-elementor-open-lightbox=\"yes\" data-elementor-lightbox-title=\"Pic4\"><br \/><img fetchpriority=\"high\" decoding=\"async\" src=\"https:\/\/www.miteinander-langenbruck.ch\/wp-content\/uploads\/2021\/02\/Pic4-768x512.jpg\" sizes=\"(max-width: 768px) 100vw, 768px\" srcset=\"https:\/\/www.miteinander-langenbruck.ch\/wp-content\/uploads\/2021\/02\/Pic4-768x512.jpg 768w, https:\/\/www.miteinander-langenbruck.ch\/wp-content\/uploads\/2021\/02\/Pic4-300x200.jpg 300w, https:\/\/www.miteinander-langenbruck.ch\/wp-content\/uploads\/2021\/02\/Pic4-1024x682.jpg 1024w, https:\/\/www.miteinander-langenbruck.ch\/wp-content\/uploads\/2021\/02\/Pic4.jpg 1213w\" alt=\"\" width=\"768\" height=\"512\" \/> <\/a><\/p><p>Hilfe zur Selbsthilfe f\u00fcr Menschen in Notlagen.<\/p><p>MITEINANDER LANGENBRUCK\u00a0 ist ein Verein mit Sitz in Langenbruck. Er wurde im Sommer 2019 auf Initiative einer in Langenbruck wohnenden Asylsuchenden gegr\u00fcndet. Sein Zweck ist es, Menschen in Notlagen, unabh\u00e4ngig von ihrer Nationalit\u00e4t oder Religionszugeh\u00f6rigkeit, materiell oder beratend zur Seite zu stehen. Damit soll auch ein Beitrag zum einvernehmlichen \u00abMITEINANDER\u00bb von Ans\u00e4ssigen und MigrantInnen geleistet sowie die Zusammenarbeit zwischen Zivilgesellschaft und Beh\u00f6rden gest\u00e4rkt werden.<\/p><p>Das obenstehende Logo des Vereins stammt aus Tibet und stellt einen endlosen Knoten dar. Dieser gilt in vielen Kulturen und Religionen der Welt als geheimnisvolles Gl\u00fcckszeichen, da er alles, was lebt, mit einander verbindet und einen gemeinsamen Mittelpunkt herstellt. Das erste Beispiel auf den folgenden Seiten ist r\u00f6mischen Ursprungs. Das n\u00e4chste zeigt einen mittelalterlichen Grabstein aus Irland, w\u00e4hrend das letzte von den Yoruba in Nigeria stammt.<\/p>\t\t\t\t\t\t\t\t<\/div>\n\t\t\t\t<\/div>\n\t\t\t\t\t<\/div>\n\t\t<\/div>\n\t\t\t\t\t<\/div>\n\t\t<\/section>\n\t\t\t\t<\/div>\n\t\t","protected":false},"excerpt":{"rendered":"<p>Hilfe zur Selbsthilfe f\u00fcr Menschen in Notlagen. MITEINANDER LANGENBRUCK\u00a0 ist ein Verein mit Sitz in Langenbruck. Er wurde im Sommer 2019 auf Initiative einer in Langenbruck wohnenden Asylsuchenden gegr\u00fcndet. Sein Zweck ist es, Menschen in Notlagen, unabh\u00e4ngig von ihrer Nationalit\u00e4t oder Religionszugeh\u00f6rigkeit, materiell oder beratend zur Seite zu stehen. Damit soll auch ein Beitrag zum [&hellip;]<\/p>\n","protected":false},"author":1,"featured_media":0,"parent":0,"menu_order":0,"comment_status":"closed","ping_status":"closed","template":"","meta":{"ocean_post_layout":"full-screen","ocean_both_sidebars_style":"","ocean_both_sidebars_content_width":0,"ocean_both_sidebars_sidebars_width":0,"ocean_sidebar":"0","ocean_second_sidebar":"0","ocean_disable_margins":"enable","ocean_add_body_class":"","ocean_shortcode_before_top_bar":"","ocean_shortcode_after_top_bar":"","ocean_shortcode_before_header":"","ocean_shortcode_after_header":"","ocean_has_shortcode":"","ocean_shortcode_after_title":"","ocean_shortcode_before_footer_widgets":"","ocean_shortcode_after_footer_widgets":"","ocean_shortcode_before_footer_bottom":"","ocean_shortcode_after_footer_bottom":"","ocean_display_top_bar":"on","ocean_display_header":"on","ocean_header_style":"","ocean_center_header_left_menu":"0","ocean_custom_header_template":"0","ocean_custom_logo":0,"ocean_custom_retina_logo":0,"ocean_custom_logo_max_width":0,"ocean_custom_logo_tablet_max_width":0,"ocean_custom_logo_mobile_max_width":0,"ocean_custom_logo_max_height":0,"ocean_custom_logo_tablet_max_height":0,"ocean_custom_logo_mobile_max_height":0,"ocean_header_custom_menu":"0","ocean_menu_typo_font_family":"0","ocean_menu_typo_font_subset":"","ocean_menu_typo_font_size":0,"ocean_menu_typo_font_size_tablet":0,"ocean_menu_typo_font_size_mobile":0,"ocean_menu_typo_font_size_unit":"px","ocean_menu_typo_font_weight":"","ocean_menu_typo_font_weight_tablet":"","ocean_menu_typo_font_weight_mobile":"","ocean_menu_typo_transform":"","ocean_menu_typo_transform_tablet":"","ocean_menu_typo_transform_mobile":"","ocean_menu_typo_line_height":0,"ocean_menu_typo_line_height_tablet":0,"ocean_menu_typo_line_height_mobile":0,"ocean_menu_typo_line_height_unit":"","ocean_menu_typo_spacing":0,"ocean_menu_typo_spacing_tablet":0,"ocean_menu_typo_spacing_mobile":0,"ocean_menu_typo_spacing_unit":"","ocean_menu_link_color":"","ocean_menu_link_color_hover":"","ocean_menu_link_color_active":"","ocean_menu_link_background":"","ocean_menu_link_hover_background":"","ocean_menu_link_active_background":"","ocean_menu_social_links_bg":"","ocean_menu_social_hover_links_bg":"","ocean_menu_social_links_color":"","ocean_menu_social_hover_links_color":"","ocean_disable_title":"on","ocean_disable_heading":"default","ocean_post_title":"","ocean_post_subheading":"","ocean_post_title_style":"","ocean_post_title_background_color":"","ocean_post_title_background":0,"ocean_post_title_bg_image_position":"","ocean_post_title_bg_image_attachment":"","ocean_post_title_bg_image_repeat":"","ocean_post_title_bg_image_size":"","ocean_post_title_height":0,"ocean_post_title_bg_overlay":0.5,"ocean_post_title_bg_overlay_color":"","ocean_disable_breadcrumbs":"default","ocean_breadcrumbs_color":"","ocean_breadcrumbs_separator_color":"","ocean_breadcrumbs_links_color":"","ocean_breadcrumbs_links_hover_color":"","ocean_display_footer_widgets":"on","ocean_display_footer_bottom":"on","ocean_custom_footer_template":"0","footnotes":""},"class_list":["post-8","page","type-page","status-publish","hentry","entry"],"_links":{"self":[{"href":"https:\/\/www.miteinander-langenbruck.ch\/index.php\/wp-json\/wp\/v2\/pages\/8","targetHints":{"allow":["GET"]}}],"collection":[{"href":"https:\/\/www.miteinander-langenbruck.ch\/index.php\/wp-json\/wp\/v2\/pages"}],"about":[{"href":"https:\/\/www.miteinander-langenbruck.ch\/index.php\/wp-json\/wp\/v2\/types\/page"}],"author":[{"embeddable":true,"href":"https:\/\/www.miteinander-langenbruck.ch\/index.php\/wp-json\/wp\/v2\/users\/1"}],"replies":[{"embeddable":true,"href":"https:\/\/www.miteinander-langenbruck.ch\/index.php\/wp-json\/wp\/v2\/comments?post=8"}],"version-history":[{"count":61,"href":"https:\/\/www.miteinander-langenbruck.ch\/index.php\/wp-json\/wp\/v2\/pages\/8\/revisions"}],"predecessor-version":[{"id":281,"href":"https:\/\/www.miteinander-langenbruck.ch\/index.php\/wp-json\/wp\/v2\/pages\/8\/revisions\/281"}],"wp:attachment":[{"href":"https:\/\/www.miteinander-langenbruck.ch\/index.php\/wp-json\/wp\/v2\/media?parent=8"}],"curies":[{"name":"wp","href":"https:\/\/api.w.org\/{rel}","templated":true}]}}